{"id":253,"date":"2025-10-28T21:23:01","date_gmt":"2025-10-28T18:23:01","guid":{"rendered":"https:\/\/edukk.uz\/?page_id=253"},"modified":"2025-10-28T21:28:26","modified_gmt":"2025-10-28T18:28:26","slug":"barliq-janaliqlar","status":"publish","type":"page","link":"https:\/\/edukk.uz\/?page_id=253","title":{"rendered":"Barl\u0131q ja\u0144al\u0131qlar"},"content":{"rendered":"\t\t<div data-elementor-type=\"wp-page\" data-elementor-id=\"253\" class=\"elementor elementor-253\" data-elementor-post-type=\"page\">\n\t\t\t\t<div class=\"elementor-element elementor-element-77924a8 e-flex e-con-boxed e-con e-parent\" data-id=\"77924a8\" data-element_type=\"container\">\n\t\t\t\t\t<div class=\"e-con-inner\">\n\t\t\t\t<div class=\"elementor-element elementor-element-606e045 elementor-grid-1 elementor-posts--thumbnail-none elementor-grid-tablet-2 elementor-grid-mobile-1 elementor-widget elementor-widget-posts\" data-id=\"606e045\" data-element_type=\"widget\" data-settings=\"{&quot;classic_columns&quot;:&quot;1&quot;,&quot;pagination_type&quot;:&quot;numbers&quot;,&quot;classic_columns_tablet&quot;:&quot;2&quot;,&quot;classic_columns_mobile&quot;:&quot;1&quot;,&quot;classic_row_gap&quot;:{&quot;unit&quot;:&quot;px&quot;,&quot;size&quot;:35,&quot;sizes&quot;:[]},&quot;classic_row_gap_tablet&quot;:{&quot;unit&quot;:&quot;px&quot;,&quot;size&quot;:&quot;&quot;,&quot;sizes&quot;:[]},&quot;classic_row_gap_mobile&quot;:{&quot;unit&quot;:&quot;px&quot;,&quot;size&quot;:&quot;&quot;,&quot;sizes&quot;:[]}}\" data-widget_type=\"posts.classic\">\n\t\t\t\t<div class=\"elementor-widget-container\">\n\t\t\t\t\t\t\t<div class=\"elementor-posts-container elementor-posts elementor-posts--skin-classic elementor-grid\" role=\"list\">\n\t\t\t\t<article class=\"elementor-post elementor-grid-item post-516 post type-post status-publish format-standard hentry category---kk\" role=\"listitem\">\n\t\t\t\t<div class=\"elementor-post__text\">\n\t\t\t\t<h3 class=\"elementor-post__title\">\n\t\t\t<a href=\"https:\/\/edukk.uz\/?p=516\" >\n\t\t\t\t\u00abAsh\u0131q esikler\u00bb k\u00fani sh\u00f3lkemlestirildi\t\t\t<\/a>\n\t\t<\/h3>\n\t\t\t\t<div class=\"elementor-post__meta-data\">\n\t\t\t\t\t<span class=\"elementor-post-date\">\n\t\t\t16.04.2026\t\t<\/span>\n\t\t\t\t<\/div>\n\t\t\t\t<div class=\"elementor-post__excerpt\">\n\t\t\t<p>\u00d3zbekstan Respublikas\u0131 Prezidentini\u0144 2025-j\u0131l 23-oktyabrdegi PQ-316-sanl\u0131 \u00abK\u00e1sip-\u00f3ner bilimlendiriwi sistemas\u0131nda reformalard\u0131 \u00e1melge as\u0131r\u0131w ilajlar\u0131 haqq\u0131nda\u00bb\u01f5\u0131 qarar\u0131 h\u00e1m \u00abBilimlendiriw haqq\u0131nda\u00bb\u01f5\u0131 N\u0131zam\u01f5a muwap\u0131q, ul\u0131wma bilim beriw mektepleri pitkeriwshilerin k\u00e1sipke ba\u01f5darlaw maqsetinde Qo\u0144\u0131rat rayon\u0131 1-sanl\u0131 texnikum\u0131nda \u00abAsh\u0131q esikler\u00bb k\u00fani sh\u00f3lkemlestirildi. Ilaj dawam\u0131nda 9-11-klass oq\u0131wsh\u0131lar\u0131<\/p>\n\t\t<\/div>\n\t\t\n\t\t<a class=\"elementor-post__read-more\" href=\"https:\/\/edukk.uz\/?p=516\" aria-label=\"Read more about \u00abAsh\u0131q esikler\u00bb k\u00fani sh\u00f3lkemlestirildi\" tabindex=\"-1\" >\n\t\t\tTol\u0131q oq\u0131w\t\t<\/a>\n\n\t\t\t\t<\/div>\n\t\t\t\t<\/article>\n\t\t\t\t<article class=\"elementor-post elementor-grid-item post-511 post type-post status-publish format-standard hentry category---ru\" role=\"listitem\">\n\t\t\t\t<div class=\"elementor-post__text\">\n\t\t\t\t<h3 class=\"elementor-post__title\">\n\t\t\t<a href=\"https:\/\/edukk.uz\/?p=511&amp;lang=ru\" >\n\t\t\t\tYoshlar bilan ochiq muloqot: dolzarb masalalar muhokama qilindi\t\t\t<\/a>\n\t\t<\/h3>\n\t\t\t\t<div class=\"elementor-post__meta-data\">\n\t\t\t\t\t<span class=\"elementor-post-date\">\n\t\t\t16.04.2026\t\t<\/span>\n\t\t\t\t<\/div>\n\t\t\t\t<div class=\"elementor-post__excerpt\">\n\t\t\t<p>2026-yil 15-aprel kuni 1-son Nukus Abu Ali ibn Sino Jamoat salomatligi texnikumida Prezidentimizning 33-sonli farmoni ijrosi yuzasidan \u201cAyollar va bolalar huquqlarini himoya qilish, tazyiq va zo\u2018ravonlikning oldini olish\u201d mavzusida targ\u2018ibot-tashviqot tadbiri o\u2018tkazildi. Tadbirda O\u2018zbekiston \u201cMilliy tiklanish\u201d demokratik partiyasi raisi o\u2018rinbosari<\/p>\n\t\t<\/div>\n\t\t\n\t\t<a class=\"elementor-post__read-more\" href=\"https:\/\/edukk.uz\/?p=511&#038;lang=ru\" aria-label=\"Read more about Yoshlar bilan ochiq muloqot: dolzarb masalalar muhokama qilindi\" tabindex=\"-1\" >\n\t\t\tTol\u0131q oq\u0131w\t\t<\/a>\n\n\t\t\t\t<\/div>\n\t\t\t\t<\/article>\n\t\t\t\t<article class=\"elementor-post elementor-grid-item post-505 post type-post status-publish format-standard hentry category---ru\" role=\"listitem\">\n\t\t\t\t<div class=\"elementor-post__text\">\n\t\t\t\t<h3 class=\"elementor-post__title\">\n\t\t\t<a href=\"https:\/\/edukk.uz\/?p=505&amp;lang=ru\" >\n\t\t\t\tJaslar menen ash\u0131q pikirlesiw: \u00e1hmiyetli m\u00e1seleler dodaland\u0131\t\t\t<\/a>\n\t\t<\/h3>\n\t\t\t\t<div class=\"elementor-post__meta-data\">\n\t\t\t\t\t<span class=\"elementor-post-date\">\n\t\t\t16.04.2026\t\t<\/span>\n\t\t\t\t<\/div>\n\t\t\t\t<div class=\"elementor-post__excerpt\">\n\t\t\t<p>2026-j\u0131l 15-aprel k\u00fani 1-sanl\u0131 N\u00f3kis Abu Ali ibn Sino J\u00e1miyetlik salamatl\u0131q texnikum\u0131nda Prezidentimizdi\u0144 33-sanl\u0131 p\u00e1rman\u0131n\u0131\u0144 or\u0131nlan\u0131w\u0131 boy\u0131nsha &#171;Hayal-q\u0131zlar h\u00e1m balalar huq\u0131qlar\u0131n qor\u01f5aw, k\u00fash k\u00f3rsetiw h\u00e1m zorl\u0131qt\u0131\u0144 ald\u0131n al\u0131w&#187; atamas\u0131nda \u00fagit-n\u00e1siyat ilaj\u0131 \u00f3tkerildi. Ilajda \u00d3zbekstan &#171;Milliy tiklanish&#187; demokratiyal\u0131q partiyas\u0131 basl\u0131\u01f5\u0131n\u0131\u0144 or\u0131nbasar\u0131<\/p>\n\t\t<\/div>\n\t\t\n\t\t<a class=\"elementor-post__read-more\" href=\"https:\/\/edukk.uz\/?p=505&#038;lang=ru\" aria-label=\"Read more about Jaslar menen ash\u0131q pikirlesiw: \u00e1hmiyetli m\u00e1seleler dodaland\u0131\" tabindex=\"-1\" >\n\t\t\tTol\u0131q oq\u0131w\t\t<\/a>\n\n\t\t\t\t<\/div>\n\t\t\t\t<\/article>\n\t\t\t\t<article class=\"elementor-post elementor-grid-item post-491 post type-post status-publish format-standard has-post-thumbnail hentry category-1\" role=\"listitem\">\n\t\t\t\t<div class=\"elementor-post__text\">\n\t\t\t\t<h3 class=\"elementor-post__title\">\n\t\t\t<a href=\"https:\/\/edukk.uz\/?p=491&amp;lang=uz\" >\n\t\t\t\tEllikqal\u2019a tumanida yoshlar bilan ochiq muloqot uchrashuvi o\u2018tkazildi\t\t\t<\/a>\n\t\t<\/h3>\n\t\t\t\t<div class=\"elementor-post__meta-data\">\n\t\t\t\t\t<span class=\"elementor-post-date\">\n\t\t\t26.02.2026\t\t<\/span>\n\t\t\t\t<\/div>\n\t\t\t\t<div class=\"elementor-post__excerpt\">\n\t\t\t<p>Ellikqal\u2019a Abu Ali ibn Sino nomidagi Jamoat salomatligi texnikumida Ellikqal\u2019a tuman prokurori Atajanov Muzaffar Zaripboyevich hamda tuman IIB boshlig\u2018i Bakbergan Shaxanovlar ishtirokida texnikum yoshlari bilan uchrashuv o\u2018tkazildi. Uchrashuv davomida yoshlar o\u2018rtasida huquqbuzarliklarning oldini olish, qonunga hurmat ruhini shakllantirish, yoshlarni vatanparvarlik<\/p>\n\t\t<\/div>\n\t\t\n\t\t<a class=\"elementor-post__read-more\" href=\"https:\/\/edukk.uz\/?p=491&#038;lang=uz\" aria-label=\"Read more about Ellikqal\u2019a tumanida yoshlar bilan ochiq muloqot uchrashuvi o\u2018tkazildi\" tabindex=\"-1\" >\n\t\t\tTol\u0131q oq\u0131w\t\t<\/a>\n\n\t\t\t\t<\/div>\n\t\t\t\t<\/article>\n\t\t\t\t<article class=\"elementor-post elementor-grid-item post-483 post type-post status-publish format-standard has-post-thumbnail hentry category---kk\" role=\"listitem\">\n\t\t\t\t<div class=\"elementor-post__text\">\n\t\t\t\t<h3 class=\"elementor-post__title\">\n\t\t\t<a href=\"https:\/\/edukk.uz\/?p=483\" >\n\t\t\t\tEllikqala rayon\u0131nda jaslar menen ash\u0131qtan-ash\u0131q pikirlesiw ush\u0131ras\u0131w\u0131 \u00f3tkerildi\t\t\t<\/a>\n\t\t<\/h3>\n\t\t\t\t<div class=\"elementor-post__meta-data\">\n\t\t\t\t\t<span class=\"elementor-post-date\">\n\t\t\t26.02.2026\t\t<\/span>\n\t\t\t\t<\/div>\n\t\t\t\t<div class=\"elementor-post__excerpt\">\n\t\t\t<p>Ellikqala \u00c1biw \u00c1liy ibn Sina at\u0131nda\u01f5\u0131 J\u00e1mietlik salamatl\u0131q texnikum\u0131nda Ellikqala rayon\u0131 prokuror\u0131 Muzaffar Atajanov h\u00e1m rayonl\u0131q IIB basl\u0131\u01f5\u0131 Bakbergen Shaxanovlard\u0131\u0144 qatnas\u0131w\u0131nda texnikum jaslar\u0131 menen ush\u0131ras\u0131w \u00f3tkerildi. Ush\u0131ras\u0131w dawam\u0131nda jaslar aras\u0131nda huq\u0131qbuzarl\u0131qlard\u0131\u0144 ald\u0131n al\u0131w, n\u0131zam\u01f5a h\u00farmet ruwx\u0131n q\u00e1liplestiriw, jaslard\u0131 watans\u00fayiwshilik h\u00e1m<\/p>\n\t\t<\/div>\n\t\t\n\t\t<a class=\"elementor-post__read-more\" href=\"https:\/\/edukk.uz\/?p=483\" aria-label=\"Read more about Ellikqala rayon\u0131nda jaslar menen ash\u0131qtan-ash\u0131q pikirlesiw ush\u0131ras\u0131w\u0131 \u00f3tkerildi\" tabindex=\"-1\" >\n\t\t\tTol\u0131q oq\u0131w\t\t<\/a>\n\n\t\t\t\t<\/div>\n\t\t\t\t<\/article>\n\t\t\t\t<article class=\"elementor-post elementor-grid-item post-459 post type-post status-publish format-standard has-post-thumbnail hentry category---kk\" role=\"listitem\">\n\t\t\t\t<div class=\"elementor-post__text\">\n\t\t\t\t<h3 class=\"elementor-post__title\">\n\t\t\t<a href=\"https:\/\/edukk.uz\/?p=459\" >\n\t\t\t\t\u04e8\u0437\u0431\u0435\u043a\u0441\u0442\u0430\u043d \u0420\u0435\u0441\u043f\u0443\u0431\u043b\u0438\u043a\u0430\u0441\u044b \u041a\u043e\u043d\u0441\u0442\u0438\u0442\u0443\u0446\u0438\u044f\u0441\u044b \u049b\u0430\u0431\u044b\u043b \u0435\u0442\u0438\u043b\u0433\u0435\u043d\u0438\u043d\u0438\u04a3 33 \u0436\u044b\u043b\u043b\u044b\u0493\u044b\u043d\u0430 \u0431\u0430\u0493\u044b\u0448\u043b\u0430\u043d\u0493\u0430\u043d \u0438\u043b\u0430\u0436 \u0431\u043e\u043b\u044b\u043f \u04e9\u0442\u0442\u0438\t\t\t<\/a>\n\t\t<\/h3>\n\t\t\t\t<div class=\"elementor-post__meta-data\">\n\t\t\t\t\t<span class=\"elementor-post-date\">\n\t\t\t03.12.2025\t\t<\/span>\n\t\t\t\t<\/div>\n\t\t\t\t<div class=\"elementor-post__excerpt\">\n\t\t\t<p>\u0411\u04af\u0433\u0438\u043d \u049a\u0430\u0440\u0430\u049b\u0430\u043b\u043f\u0430\u049b\u0441\u0442\u0430\u043d \u0420\u0435\u0441\u043f\u0443\u0431\u043b\u0438\u043a\u0430\u0441\u044b \u0416\u043e\u049b\u0430\u0440\u044b \u0431\u0438\u043b\u0438\u043c\u043b\u0435\u043d\u0434\u0438\u0440\u0438\u045e, \u0438\u043b\u0438\u043c \u04b3\u04d9\u043c \u0438\u043d\u043d\u043e\u0432\u0430\u0446\u0438\u044f\u043b\u0430\u0440 \u043c\u0438\u043d\u0438\u0441\u0442\u0440\u043b\u0438\u0433\u0438\u043d\u0434\u0435 8-\u0434\u0435\u043a\u0430\u0431\u0440\u044c \u2013 \u04e8\u0437\u0431\u0435\u043a\u0441\u0442\u0430\u043d \u0420\u0435\u0441\u043f\u0443\u0431\u043b\u0438\u043a\u0430\u0441\u044b \u041a\u043e\u043d\u0441\u0442\u0438\u0442\u0443\u0446\u0438\u044f\u0441\u044b \u049b\u0430\u0431\u044b\u043b \u0435\u0442\u0438\u043b\u0433\u0435\u043d \u043a\u04af\u043d\u0438 \u043c\u04af\u043d\u04d9\u0441\u0438\u0431\u0435\u0442\u0438 \u043c\u0435\u043d\u0435\u043d \u0438\u043b\u0430\u0436 \u04e9\u0442\u043a\u0435\u0440\u0438\u043b\u0434\u0438. \u0418\u043b\u0430\u0436\u0434\u0430 \u0434\u04d9\u0441\u043b\u0435\u043f \u04e8\u0437\u0431\u0435\u043a\u0441\u0442\u0430\u043d \u04b3\u04d9\u043c \u049a\u0430\u0440\u0430\u049b\u0430\u043b\u043f\u0430\u049b\u0441\u0442\u0430\u043d \u0420\u0435\u0441\u043f\u0443\u0431\u043b\u0438\u043a\u0430\u043b\u0430\u0440\u044b\u043d\u044b\u04a3 \u043c\u04d9\u043c\u043b\u0435\u043a\u0435\u0442\u043b\u0438\u043a \u0433\u0438\u043c\u043d\u043b\u0435\u0440\u0438 \u0436\u0430\u04a3\u043b\u0430\u0434\u044b. \u049a\u0430\u0440\u0430\u049b\u0430\u043b\u043f\u0430\u049b\u0441\u0442\u0430\u043d \u0420\u0435\u0441\u043f\u0443\u0431\u043b\u0438\u043a\u0430\u0441\u044b \u0416\u043e\u049b\u0430\u0440\u044b \u0431\u0438\u043b\u0438\u043c\u043b\u0435\u043d\u0434\u0438\u0440\u0438\u045e, \u0438\u043b\u0438\u043c \u04b3\u04d9\u043c \u0438\u043d\u043d\u043e\u0432\u0430\u0446\u0438\u044f\u043b\u0430\u0440 \u043c\u0438\u043d\u0438\u0441\u0442\u0440\u0438 \u0410.\u0410\u044f\u043f\u043e\u0432 \u0438\u043b\u0430\u0436<\/p>\n\t\t<\/div>\n\t\t\n\t\t<a class=\"elementor-post__read-more\" href=\"https:\/\/edukk.uz\/?p=459\" aria-label=\"Read more about \u04e8\u0437\u0431\u0435\u043a\u0441\u0442\u0430\u043d \u0420\u0435\u0441\u043f\u0443\u0431\u043b\u0438\u043a\u0430\u0441\u044b \u041a\u043e\u043d\u0441\u0442\u0438\u0442\u0443\u0446\u0438\u044f\u0441\u044b \u049b\u0430\u0431\u044b\u043b \u0435\u0442\u0438\u043b\u0433\u0435\u043d\u0438\u043d\u0438\u04a3 33 \u0436\u044b\u043b\u043b\u044b\u0493\u044b\u043d\u0430 \u0431\u0430\u0493\u044b\u0448\u043b\u0430\u043d\u0493\u0430\u043d \u0438\u043b\u0430\u0436 \u0431\u043e\u043b\u044b\u043f \u04e9\u0442\u0442\u0438\" tabindex=\"-1\" >\n\t\t\tTol\u0131q oq\u0131w\t\t<\/a>\n\n\t\t\t\t<\/div>\n\t\t\t\t<\/article>\n\t\t\t\t<\/div>\n\t\t\n\t\t\t\t<div class=\"e-load-more-anchor\" data-page=\"1\" data-max-page=\"6\" data-next-page=\"https:\/\/edukk.uz\/index.php?rest_route=%2Fwp%2Fv2%2Fpages%2F253&#038;paged=2\"><\/div>\n\t\t\t\t<nav class=\"elementor-pagination\" aria-label=\"Pagination\">\n\t\t\t<span aria-current=\"page\" class=\"page-numbers current\"><span class=\"elementor-screen-only\">Page<\/span>1<\/span>\n<a class=\"page-numbers\" href=\"https:\/\/edukk.uz\/index.php\/?paged=2\"><span class=\"elementor-screen-only\">Page<\/span>2<\/a>\n<a class=\"page-numbers\" href=\"https:\/\/edukk.uz\/index.php\/?paged=3\"><span class=\"elementor-screen-only\">Page<\/span>3<\/a>\n<span class=\"page-numbers dots\">&hellip;<\/span>\n<a class=\"page-numbers\" href=\"https:\/\/edukk.uz\/index.php\/?paged=5\"><span class=\"elementor-screen-only\">Page<\/span>5<\/a>\t\t<\/nav>\n\t\t\t\t\t\t<\/div>\n\t\t\t\t<\/div>\n\t\t\t\t\t<\/div>\n\t\t\t\t<\/div>\n\t\t\t\t<\/div>\n\t\t","protected":false},"excerpt":{"rendered":"","protected":false},"author":1,"featured_media":0,"parent":0,"menu_order":0,"comment_status":"closed","ping_status":"closed","template":"","meta":{"footnotes":""},"class_list":["post-253","page","type-page","status-publish","hentry"],"_links":{"self":[{"href":"https:\/\/edukk.uz\/index.php?rest_route=\/wp\/v2\/pages\/253","targetHints":{"allow":["GET"]}}],"collection":[{"href":"https:\/\/edukk.uz\/index.php?rest_route=\/wp\/v2\/pages"}],"about":[{"href":"https:\/\/edukk.uz\/index.php?rest_route=\/wp\/v2\/types\/page"}],"author":[{"embeddable":true,"href":"https:\/\/edukk.uz\/index.php?rest_route=\/wp\/v2\/users\/1"}],"replies":[{"embeddable":true,"href":"https:\/\/edukk.uz\/index.php?rest_route=%2Fwp%2Fv2%2Fcomments&post=253"}],"version-history":[{"count":4,"href":"https:\/\/edukk.uz\/index.php?rest_route=\/wp\/v2\/pages\/253\/revisions"}],"predecessor-version":[{"id":257,"href":"https:\/\/edukk.uz\/index.php?rest_route=\/wp\/v2\/pages\/253\/revisions\/257"}],"wp:attachment":[{"href":"https:\/\/edukk.uz\/index.php?rest_route=%2Fwp%2Fv2%2Fmedia&parent=253"}],"curies":[{"name":"wp","href":"https:\/\/api.w.org\/{rel}","templated":true}]}}